{"id":143,"date":"2026-01-16T11:19:30","date_gmt":"2026-01-16T11:19:30","guid":{"rendered":"https:\/\/themes.webswaala.com\/CMS\/WW181\/?page_id=143"},"modified":"2026-05-06T18:41:08","modified_gmt":"2026-05-06T18:41:08","slug":"servicios","status":"publish","type":"page","link":"https:\/\/inteligentehost.com\/tesiutto\/servicios\/","title":{"rendered":"Servicios"},"content":{"rendered":"\t\t<div data-elementor-type=\"wp-page\" data-elementor-id=\"143\" class=\"elementor elementor-143\">\n\t\t\t\t<div class=\"elementor-element elementor-element-395b285 e-con-full e-flex e-con e-parent\" data-id=\"395b285\" data-element_type=\"container\" data-e-type=\"container\">\n\t\t\t\t<div class=\"elementor-element elementor-element-fe9a6d4 elementor-widget elementor-widget-heading\" data-id=\"fe9a6d4\" data-element_type=\"widget\" data-e-type=\"widget\" data-widget_type=\"heading.default\">\n\t\t\t\t\t<h2 class=\"elementor-heading-title elementor-size-default\">Soluciones que visten tus espacios<\/h2>\t\t\t\t<\/div>\n\t\t\t\t<div class=\"elementor-element elementor-element-e483074 elementor-widget elementor-widget-text-editor\" data-id=\"e483074\" data-element_type=\"widget\" data-e-type=\"widget\" data-widget_type=\"text-editor.default\">\n\t\t\t\t\t\t\t\t\t<p data-start=\"158\" data-end=\"275\">Dise\u00f1amos y fabricamos cortinas, persianas y sistemas decorativos a la medida con elegancia, calidad y funcionalidad.<\/p>\t\t\t\t\t\t\t\t<\/div>\n\t\t\t\t<\/div>\n\t\t<div class=\"elementor-element elementor-element-05d8a86 e-grid curtains e-con-boxed e-con e-parent\" data-id=\"05d8a86\" data-element_type=\"container\" data-e-type=\"container\">\n\t\t\t\t\t<div class=\"e-con-inner\">\n\t\t<div class=\"elementor-element elementor-element-2e765be e-con-full e-flex elementor-invisible e-con e-child\" data-id=\"2e765be\" data-element_type=\"container\" data-e-type=\"container\" data-settings=\"{&quot;animation&quot;:&quot;zoomIn&quot;}\">\n\t\t\t\t<div class=\"elementor-element elementor-element-4be1d00 elementor-widget elementor-widget-image\" data-id=\"4be1d00\" data-element_type=\"widget\" data-e-type=\"widget\" data-widget_type=\"image.default\">\n\t\t\t\t\t\t\t\t\t\t\t\t\t\t\t<img fetchpriority=\"high\" decoding=\"async\" width=\"302\" height=\"430\" src=\"https:\/\/inteligentehost.com\/tesiutto\/wp-content\/uploads\/2026\/04\/Proyecto-nuevo-2.webp\" class=\"attachment-full size-full wp-image-347\" alt=\"\" srcset=\"https:\/\/inteligentehost.com\/tesiutto\/wp-content\/uploads\/2026\/04\/Proyecto-nuevo-2.webp 302w, https:\/\/inteligentehost.com\/tesiutto\/wp-content\/uploads\/2026\/04\/Proyecto-nuevo-2-211x300.webp 211w\" sizes=\"(max-width: 302px) 100vw, 302px\" \/>\t\t\t\t\t\t\t\t\t\t\t\t\t\t\t<\/div>\n\t\t\t\t<div class=\"elementor-element elementor-element-b44d384 elementor-widget elementor-widget-text-editor\" data-id=\"b44d384\" data-element_type=\"widget\" data-e-type=\"widget\" data-widget_type=\"text-editor.default\">\n\t\t\t\t\t\t\t\t\tDise\u00f1o moderno con ca\u00edda uniforme y elegante, ideal para espacios contempor\u00e1neos.\t\t\t\t\t\t\t\t<\/div>\n\t\t\t\t<div class=\"elementor-element elementor-element-ed2ba4a elementor-absolute elementor-widget elementor-widget-heading\" data-id=\"ed2ba4a\" data-element_type=\"widget\" data-e-type=\"widget\" data-settings=\"{&quot;_position&quot;:&quot;absolute&quot;}\" data-widget_type=\"heading.default\">\n\t\t\t\t\t<h3 class=\"elementor-heading-title elementor-size-default\"> Onda <br>Perfecta\n<\/h3>\t\t\t\t<\/div>\n\t\t\t\t<\/div>\n\t\t<div class=\"elementor-element elementor-element-c2b18e4 e-con-full e-flex elementor-invisible e-con e-child\" data-id=\"c2b18e4\" data-element_type=\"container\" data-e-type=\"container\" data-settings=\"{&quot;animation&quot;:&quot;zoomIn&quot;}\">\n\t\t\t\t<div class=\"elementor-element elementor-element-3ad5b57 elementor-widget elementor-widget-image\" data-id=\"3ad5b57\" data-element_type=\"widget\" data-e-type=\"widget\" data-widget_type=\"image.default\">\n\t\t\t\t\t\t\t\t\t\t\t\t\t\t\t<img decoding=\"async\" width=\"302\" height=\"430\" src=\"https:\/\/inteligentehost.com\/tesiutto\/wp-content\/uploads\/2026\/05\/Proyecto-nuevo-2.webp\" class=\"attachment-full size-full wp-image-493\" alt=\"\" srcset=\"https:\/\/inteligentehost.com\/tesiutto\/wp-content\/uploads\/2026\/05\/Proyecto-nuevo-2.webp 302w, https:\/\/inteligentehost.com\/tesiutto\/wp-content\/uploads\/2026\/05\/Proyecto-nuevo-2-211x300.webp 211w\" sizes=\"(max-width: 302px) 100vw, 302px\" \/>\t\t\t\t\t\t\t\t\t\t\t\t\t\t\t<\/div>\n\t\t\t\t<div class=\"elementor-element elementor-element-7170443 elementor-widget elementor-widget-text-editor\" data-id=\"7170443\" data-element_type=\"widget\" data-e-type=\"widget\" data-widget_type=\"text-editor.default\">\n\t\t\t\t\t\t\t\t\tDise\u00f1o moderno con ca\u00edda uniforme y elegante, ideal para espacios contempor\u00e1neos.\t\t\t\t\t\t\t\t<\/div>\n\t\t\t\t<div class=\"elementor-element elementor-element-6d7d738 elementor-absolute elementor-widget elementor-widget-heading\" data-id=\"6d7d738\" data-element_type=\"widget\" data-e-type=\"widget\" data-settings=\"{&quot;_position&quot;:&quot;absolute&quot;}\" data-widget_type=\"heading.default\">\n\t\t\t\t\t<h3 class=\"elementor-heading-title elementor-size-default\">Pinch<br> Pleat<\/h3>\t\t\t\t<\/div>\n\t\t\t\t<\/div>\n\t\t<div class=\"elementor-element elementor-element-0031956 e-con-full e-flex elementor-invisible e-con e-child\" data-id=\"0031956\" data-element_type=\"container\" data-e-type=\"container\" data-settings=\"{&quot;animation&quot;:&quot;zoomIn&quot;}\">\n\t\t\t\t<div class=\"elementor-element elementor-element-7dd884b elementor-widget elementor-widget-image\" data-id=\"7dd884b\" data-element_type=\"widget\" data-e-type=\"widget\" data-widget_type=\"image.default\">\n\t\t\t\t\t\t\t\t\t\t\t\t\t\t\t<img decoding=\"async\" width=\"302\" height=\"430\" src=\"https:\/\/inteligentehost.com\/tesiutto\/wp-content\/uploads\/2026\/04\/Proyecto-nuevo-2-1.webp\" class=\"attachment-full size-full wp-image-473\" alt=\"\" srcset=\"https:\/\/inteligentehost.com\/tesiutto\/wp-content\/uploads\/2026\/04\/Proyecto-nuevo-2-1.webp 302w, https:\/\/inteligentehost.com\/tesiutto\/wp-content\/uploads\/2026\/04\/Proyecto-nuevo-2-1-211x300.webp 211w\" sizes=\"(max-width: 302px) 100vw, 302px\" \/>\t\t\t\t\t\t\t\t\t\t\t\t\t\t\t<\/div>\n\t\t\t\t<div class=\"elementor-element elementor-element-7d8661f elementor-widget elementor-widget-text-editor\" data-id=\"7d8661f\" data-element_type=\"widget\" data-e-type=\"widget\" data-widget_type=\"text-editor.default\">\n\t\t\t\t\t\t\t\t\t<p>Estilo limpio y actual con movimiento suave y apariencia ligera.<br \/><br \/><\/p>\t\t\t\t\t\t\t\t<\/div>\n\t\t\t\t<div class=\"elementor-element elementor-element-19040dc elementor-absolute elementor-widget elementor-widget-heading\" data-id=\"19040dc\" data-element_type=\"widget\" data-e-type=\"widget\" data-settings=\"{&quot;_position&quot;:&quot;absolute&quot;}\" data-widget_type=\"heading.default\">\n\t\t\t\t\t<h3 class=\"elementor-heading-title elementor-size-default\">Cortinas<br> Waves<\/h3>\t\t\t\t<\/div>\n\t\t\t\t<\/div>\n\t\t<div class=\"elementor-element elementor-element-82aa51e e-con-full e-flex elementor-invisible e-con e-child\" data-id=\"82aa51e\" data-element_type=\"container\" data-e-type=\"container\" data-settings=\"{&quot;animation&quot;:&quot;zoomIn&quot;}\">\n\t\t\t\t<div class=\"elementor-element elementor-element-152a3cd elementor-widget elementor-widget-image\" data-id=\"152a3cd\" data-element_type=\"widget\" data-e-type=\"widget\" data-widget_type=\"image.default\">\n\t\t\t\t\t\t\t\t\t\t\t\t\t\t\t<img loading=\"lazy\" decoding=\"async\" width=\"302\" height=\"430\" src=\"https:\/\/inteligentehost.com\/tesiutto\/wp-content\/uploads\/2026\/04\/Proyecto-nuevo-13.webp\" class=\"attachment-full size-full wp-image-412\" alt=\"\" srcset=\"https:\/\/inteligentehost.com\/tesiutto\/wp-content\/uploads\/2026\/04\/Proyecto-nuevo-13.webp 302w, https:\/\/inteligentehost.com\/tesiutto\/wp-content\/uploads\/2026\/04\/Proyecto-nuevo-13-211x300.webp 211w\" sizes=\"(max-width: 302px) 100vw, 302px\" \/>\t\t\t\t\t\t\t\t\t\t\t\t\t\t\t<\/div>\n\t\t\t\t<div class=\"elementor-element elementor-element-637b60a elementor-widget elementor-widget-text-editor\" data-id=\"637b60a\" data-element_type=\"widget\" data-e-type=\"widget\" data-widget_type=\"text-editor.default\">\n\t\t\t\t\t\t\t\t\tElegancia y versatilidad con un balance ideal entre iluminaci\u00f3n natural y privacidad.<br><br>\t\t\t\t\t\t\t\t<\/div>\n\t\t\t\t<div class=\"elementor-element elementor-element-76baa84 elementor-absolute elementor-widget elementor-widget-heading\" data-id=\"76baa84\" data-element_type=\"widget\" data-e-type=\"widget\" data-settings=\"{&quot;_position&quot;:&quot;absolute&quot;}\" data-widget_type=\"heading.default\">\n\t\t\t\t\t<h3 class=\"elementor-heading-title elementor-size-default\">Cortinas<br> Sheer<\/h3>\t\t\t\t<\/div>\n\t\t\t\t<\/div>\n\t\t<div class=\"elementor-element elementor-element-aa06cc4 e-con-full e-flex elementor-invisible e-con e-child\" data-id=\"aa06cc4\" data-element_type=\"container\" data-e-type=\"container\" data-settings=\"{&quot;animation&quot;:&quot;zoomIn&quot;}\">\n\t\t\t\t<div class=\"elementor-element elementor-element-a55368e elementor-widget elementor-widget-image\" data-id=\"a55368e\" data-element_type=\"widget\" data-e-type=\"widget\" data-widget_type=\"image.default\">\n\t\t\t\t\t\t\t\t\t\t\t\t\t\t\t<img loading=\"lazy\" decoding=\"async\" width=\"302\" height=\"430\" src=\"https:\/\/inteligentehost.com\/tesiutto\/wp-content\/uploads\/2026\/04\/Proyecto-nuevo-8-1.webp\" class=\"attachment-full size-full wp-image-487\" alt=\"\" srcset=\"https:\/\/inteligentehost.com\/tesiutto\/wp-content\/uploads\/2026\/04\/Proyecto-nuevo-8-1.webp 302w, https:\/\/inteligentehost.com\/tesiutto\/wp-content\/uploads\/2026\/04\/Proyecto-nuevo-8-1-211x300.webp 211w\" sizes=\"(max-width: 302px) 100vw, 302px\" \/>\t\t\t\t\t\t\t\t\t\t\t\t\t\t\t<\/div>\n\t\t\t\t<div class=\"elementor-element elementor-element-1029c14 elementor-widget elementor-widget-text-editor\" data-id=\"1029c14\" data-element_type=\"widget\" data-e-type=\"widget\" data-widget_type=\"text-editor.default\">\n\t\t\t\t\t\t\t\t\tControl de luz, privacidad y dise\u00f1o adaptable a hogares y oficinas.\n\n\n<br><br>\t\t\t\t\t\t\t\t<\/div>\n\t\t\t\t<div class=\"elementor-element elementor-element-8263d1c elementor-absolute elementor-widget elementor-widget-heading\" data-id=\"8263d1c\" data-element_type=\"widget\" data-e-type=\"widget\" data-settings=\"{&quot;_position&quot;:&quot;absolute&quot;}\" data-widget_type=\"heading.default\">\n\t\t\t\t\t<h3 class=\"elementor-heading-title elementor-size-default\">Persianas<br> Personalizadas<\/h3>\t\t\t\t<\/div>\n\t\t\t\t<\/div>\n\t\t<div class=\"elementor-element elementor-element-28ece4a e-con-full e-flex elementor-invisible e-con e-child\" data-id=\"28ece4a\" data-element_type=\"container\" data-e-type=\"container\" data-settings=\"{&quot;animation&quot;:&quot;zoomIn&quot;}\">\n\t\t\t\t<div class=\"elementor-element elementor-element-cddbd63 elementor-widget elementor-widget-image\" data-id=\"cddbd63\" data-element_type=\"widget\" data-e-type=\"widget\" data-widget_type=\"image.default\">\n\t\t\t\t\t\t\t\t\t\t\t\t\t\t\t<img loading=\"lazy\" decoding=\"async\" width=\"302\" height=\"430\" src=\"https:\/\/inteligentehost.com\/tesiutto\/wp-content\/uploads\/2026\/04\/Proyecto-nuevo-9-1.webp\" class=\"attachment-full size-full wp-image-488\" alt=\"\" srcset=\"https:\/\/inteligentehost.com\/tesiutto\/wp-content\/uploads\/2026\/04\/Proyecto-nuevo-9-1.webp 302w, https:\/\/inteligentehost.com\/tesiutto\/wp-content\/uploads\/2026\/04\/Proyecto-nuevo-9-1-211x300.webp 211w\" sizes=\"(max-width: 302px) 100vw, 302px\" \/>\t\t\t\t\t\t\t\t\t\t\t\t\t\t\t<\/div>\n\t\t\t\t<div class=\"elementor-element elementor-element-1d8bf70 elementor-widget elementor-widget-text-editor\" data-id=\"1d8bf70\" data-element_type=\"widget\" data-e-type=\"widget\" data-widget_type=\"text-editor.default\">\n\t\t\t\t\t\t\t\t\tSistemas resistentes y elegantes con deslizamiento silencioso y duradero.<br><br>\t\t\t\t\t\t\t\t<\/div>\n\t\t\t\t<div class=\"elementor-element elementor-element-21bfffd elementor-absolute elementor-widget elementor-widget-heading\" data-id=\"21bfffd\" data-element_type=\"widget\" data-e-type=\"widget\" data-settings=\"{&quot;_position&quot;:&quot;absolute&quot;}\" data-widget_type=\"heading.default\">\n\t\t\t\t\t<h3 class=\"elementor-heading-title elementor-size-default\">Rieles Decorativos<br> Premium<\/h3>\t\t\t\t<\/div>\n\t\t\t\t<\/div>\n\t\t<div class=\"elementor-element elementor-element-95a3c09 e-con-full e-flex elementor-invisible e-con e-child\" data-id=\"95a3c09\" data-element_type=\"container\" data-e-type=\"container\" data-settings=\"{&quot;animation&quot;:&quot;zoomIn&quot;}\">\n\t\t\t\t<div class=\"elementor-element elementor-element-5e09697 elementor-widget elementor-widget-image\" data-id=\"5e09697\" data-element_type=\"widget\" data-e-type=\"widget\" data-widget_type=\"image.default\">\n\t\t\t\t\t\t\t\t\t\t\t\t\t\t\t<img loading=\"lazy\" decoding=\"async\" width=\"302\" height=\"430\" src=\"https:\/\/inteligentehost.com\/tesiutto\/wp-content\/uploads\/2026\/04\/Proyecto-nuevo-10-1.webp\" class=\"attachment-full size-full wp-image-489\" alt=\"\" srcset=\"https:\/\/inteligentehost.com\/tesiutto\/wp-content\/uploads\/2026\/04\/Proyecto-nuevo-10-1.webp 302w, https:\/\/inteligentehost.com\/tesiutto\/wp-content\/uploads\/2026\/04\/Proyecto-nuevo-10-1-211x300.webp 211w\" sizes=\"(max-width: 302px) 100vw, 302px\" \/>\t\t\t\t\t\t\t\t\t\t\t\t\t\t\t<\/div>\n\t\t\t\t<div class=\"elementor-element elementor-element-1f1c04d elementor-widget elementor-widget-text-editor\" data-id=\"1f1c04d\" data-element_type=\"widget\" data-e-type=\"widget\" data-widget_type=\"text-editor.default\">\n\t\t\t\t\t\t\t\t\tSoluciones integrales hechas a la medida seg\u00fan estilo, espacio y necesidad.<br><br>\t\t\t\t\t\t\t\t<\/div>\n\t\t\t\t<div class=\"elementor-element elementor-element-bdc0fe0 elementor-absolute elementor-widget elementor-widget-heading\" data-id=\"bdc0fe0\" data-element_type=\"widget\" data-e-type=\"widget\" data-settings=\"{&quot;_position&quot;:&quot;absolute&quot;}\" data-widget_type=\"heading.default\">\n\t\t\t\t\t<h3 class=\"elementor-heading-title elementor-size-default\">Proyectos<br> Personalizados<\/h3>\t\t\t\t<\/div>\n\t\t\t\t<\/div>\n\t\t\t\t\t<\/div>\n\t\t\t\t<\/div>\n\t\t\t\t<\/div>\n\t\t","protected":false},"excerpt":{"rendered":"<p>Soluciones que visten tus espacios Dise\u00f1amos y fabricamos cortinas, persianas y sistemas decorativos a la medida con elegancia, calidad y funcionalidad. Dise\u00f1o moderno con ca\u00edda uniforme y elegante, ideal para espacios contempor\u00e1neos. Onda Perfecta Dise\u00f1o moderno con ca\u00edda uniforme y elegante, ideal para espacios contempor\u00e1neos. Pinch Pleat Estilo limpio y actual con movimiento suave y&#8230;<\/p>\n","protected":false},"author":1,"featured_media":146,"parent":0,"menu_order":0,"comment_status":"closed","ping_status":"closed","template":"","meta":{"_kad_post_transparent":"","_kad_post_title":"default","_kad_post_layout":"default","_kad_post_sidebar_id":"","_kad_post_content_style":"unboxed","_kad_post_vertical_padding":"default","_kad_post_feature":"default","_kad_post_feature_position":"","_kad_post_header":false,"_kad_post_footer":false,"footnotes":""},"class_list":["post-143","page","type-page","status-publish","has-post-thumbnail","hentry"],"_links":{"self":[{"href":"https:\/\/inteligentehost.com\/tesiutto\/wp-json\/wp\/v2\/pages\/143","targetHints":{"allow":["GET"]}}],"collection":[{"href":"https:\/\/inteligentehost.com\/tesiutto\/wp-json\/wp\/v2\/pages"}],"about":[{"href":"https:\/\/inteligentehost.com\/tesiutto\/wp-json\/wp\/v2\/types\/page"}],"author":[{"embeddable":true,"href":"https:\/\/inteligentehost.com\/tesiutto\/wp-json\/wp\/v2\/users\/1"}],"replies":[{"embeddable":true,"href":"https:\/\/inteligentehost.com\/tesiutto\/wp-json\/wp\/v2\/comments?post=143"}],"version-history":[{"count":26,"href":"https:\/\/inteligentehost.com\/tesiutto\/wp-json\/wp\/v2\/pages\/143\/revisions"}],"predecessor-version":[{"id":502,"href":"https:\/\/inteligentehost.com\/tesiutto\/wp-json\/wp\/v2\/pages\/143\/revisions\/502"}],"wp:featuredmedia":[{"embeddable":true,"href":"https:\/\/inteligentehost.com\/tesiutto\/wp-json\/wp\/v2\/media\/146"}],"wp:attachment":[{"href":"https:\/\/inteligentehost.com\/tesiutto\/wp-json\/wp\/v2\/media?parent=143"}],"curies":[{"name":"wp","href":"https:\/\/api.w.org\/{rel}","templated":true}]}}